{"id":740,"date":"2024-02-18T12:07:16","date_gmt":"2024-02-18T12:07:16","guid":{"rendered":"https:\/\/michelleduran.es\/?page_id=740"},"modified":"2025-07-14T08:39:29","modified_gmt":"2025-07-14T08:39:29","slug":"sobre-mi-2","status":"publish","type":"page","link":"https:\/\/michelleduran.es\/index.php\/sobre-mi-2\/","title":{"rendered":"Sobre m\u00ed"},"content":{"rendered":"\t\t<div data-elementor-type=\"wp-page\" data-elementor-id=\"740\" class=\"elementor elementor-740\">\n\t\t\t\t\t\t<section class=\"elementor-section elementor-top-section elementor-element elementor-element-9027fd5 elementor-section-boxed elementor-section-height-default elementor-section-height-default wpr-particle-no wpr-jarallax-no wpr-parallax-no wpr-sticky-section-no\" data-id=\"9027fd5\" data-element_type=\"section\" data-e-type=\"section\">\n\t\t\t\t\t\t<div class=\"elementor-container elementor-column-gap-default\">\n\t\t\t\t\t<div class=\"elementor-column elementor-col-100 elementor-top-column elementor-element elementor-element-ed36e90\" data-id=\"ed36e90\" data-element_type=\"column\" data-e-type=\"column\">\n\t\t\t<div class=\"elementor-widget-wrap elementor-element-populated\">\n\t\t\t\t\t\t<div class=\"elementor-element elementor-element-01a5229 elementor-widget elementor-widget-spacer\" data-id=\"01a5229\" data-element_type=\"widget\" data-e-type=\"widget\" data-widget_type=\"spacer.default\">\n\t\t\t\t<div class=\"elementor-widget-container\">\n\t\t\t\t\t\t\t<div class=\"elementor-spacer\">\n\t\t\t<div class=\"elementor-spacer-inner\"><\/div>\n\t\t<\/div>\n\t\t\t\t\t\t<\/div>\n\t\t\t\t<\/div>\n\t\t\t\t\t<\/div>\n\t\t<\/div>\n\t\t\t\t\t<\/div>\n\t\t<\/section>\n\t\t\t\t<section class=\"elementor-section elementor-top-section elementor-element elementor-element-0fb454e elementor-section-boxed elementor-section-height-default elementor-section-height-default wpr-particle-no wpr-jarallax-no wpr-parallax-no wpr-sticky-section-no elementor-invisible\" data-id=\"0fb454e\" data-element_type=\"section\" data-e-type=\"section\" data-settings=\"{&quot;animation&quot;:&quot;fadeIn&quot;}\">\n\t\t\t\t\t\t<div class=\"elementor-container elementor-column-gap-default\">\n\t\t\t\t\t<div class=\"elementor-column elementor-col-50 elementor-top-column elementor-element elementor-element-318736b\" data-id=\"318736b\" data-element_type=\"column\" data-e-type=\"column\">\n\t\t\t<div class=\"elementor-widget-wrap elementor-element-populated\">\n\t\t\t\t\t\t<div class=\"elementor-element elementor-element-de39688 animated-slow elementor-invisible elementor-widget elementor-widget-image\" data-id=\"de39688\" data-element_type=\"widget\" data-e-type=\"widget\" data-settings=\"{&quot;_animation&quot;:&quot;slideInLeft&quot;}\" data-widget_type=\"image.default\">\n\t\t\t\t<div class=\"elementor-widget-container\">\n\t\t\t\t\t\t\t\t\t\t\t\t\t\t\t<img fetchpriority=\"high\" decoding=\"async\" width=\"683\" height=\"1024\" src=\"https:\/\/michelleduran.es\/wp-content\/uploads\/2025\/07\/IMG_0798-683x1024.jpg\" class=\"attachment-large size-large wp-image-1199\" alt=\"\" srcset=\"https:\/\/michelleduran.es\/wp-content\/uploads\/2025\/07\/IMG_0798-683x1024.jpg 683w, https:\/\/michelleduran.es\/wp-content\/uploads\/2025\/07\/IMG_0798-200x300.jpg 200w, https:\/\/michelleduran.es\/wp-content\/uploads\/2025\/07\/IMG_0798-768x1152.jpg 768w, https:\/\/michelleduran.es\/wp-content\/uploads\/2025\/07\/IMG_0798.jpg 1000w\" sizes=\"(max-width: 683px) 100vw, 683px\" \/>\t\t\t\t\t\t\t\t\t\t\t\t\t\t\t<\/div>\n\t\t\t\t<\/div>\n\t\t\t\t\t<\/div>\n\t\t<\/div>\n\t\t\t\t<div class=\"elementor-column elementor-col-50 elementor-top-column elementor-element elementor-element-f50a4a2\" data-id=\"f50a4a2\" data-element_type=\"column\" data-e-type=\"column\">\n\t\t\t<div class=\"elementor-widget-wrap elementor-element-populated\">\n\t\t\t\t\t\t<div class=\"elementor-element elementor-element-02fab97 animated-slow elementor-invisible elementor-widget elementor-widget-text-editor\" data-id=\"02fab97\" data-element_type=\"widget\" data-e-type=\"widget\" data-settings=\"{&quot;_animation&quot;:&quot;slideInRight&quot;}\" data-widget_type=\"text-editor.default\">\n\t\t\t\t<div class=\"elementor-widget-container\">\n\t\t\t\t\t\t\t\t\t<p class=\"cvGsUA direction-ltr align-center para-style-body\">\u00a1Hola! Me llamo Michelle Dur\u00e1n y nac\u00ed un caluroso verano de 1997 en Madrid. Estudi\u00e9 Periodismo y empec\u00e9 a compartir mis historias en foros de Internet a los diecis\u00e9is a\u00f1os y me abr\u00ed una cuenta de Wattpad en 2015. En 2023 publiqu\u00e9 la bilog\u00eda <em>El ritmo de la noche<\/em> (Crossbooks), y en 2024 lanc\u00e9 la bilog\u00eda clich\u00e9 con Fandom Books y <em>Te odio, Mackenzie Lin<\/em> con Pato Ediciones. En 2025 publiqu\u00e9 <em>Tres maneras de decir te quiero<\/em> con la editorial TBR y <em>Nunca digas nunca<\/em>, con la editorial DNX Young.<\/p><p class=\"cvGsUA direction-ltr align-center para-style-body\">Escribo principalmente literatura juvenil (young adult y new adult) contempor\u00e1nea. En mis historias vas a encontrar representaci\u00f3n LGBT+ y personajes racializados, mucho humor, un poco de drama y, sobre todo, tropos y clich\u00e9s.<\/p><p>Siempre he dicho que mi objetivo como escritora es hacer que les j\u00f3venes y adolescentes (\u00a1y los que ya no lo somos tanto!) se sientan acompa\u00f1ades, que sepan que sus voces importan, que sus vidas importan, que sus historias importan y, sobre todo, que siempre habr\u00e1 alguien ah\u00ed para escucharles.<\/p><p class=\"cvGsUA direction-ltr align-center para-style-body\"><span class=\"OYPEnA text-decoration-none text-strikethrough-none\">Desde principios del a\u00f1o 2022 estoy representada por la agencia literaria <a href=\"https:\/\/uklitag.com\/autor\/michelle-duran\/\" target=\"_blank\" rel=\"noopener\">Ute K\u00f6rner.<\/a><\/span><\/p>\t\t\t\t\t\t\t\t<\/div>\n\t\t\t\t<\/div>\n\t\t\t\t\t<\/div>\n\t\t<\/div>\n\t\t\t\t\t<\/div>\n\t\t<\/section>\n\t\t\t\t<section class=\"elementor-section elementor-top-section elementor-element elementor-element-0a9ed96 elementor-section-boxed elementor-section-height-default elementor-section-height-default wpr-particle-no wpr-jarallax-no wpr-parallax-no wpr-sticky-section-no\" data-id=\"0a9ed96\" data-element_type=\"section\" data-e-type=\"section\">\n\t\t\t\t\t\t<div class=\"elementor-container elementor-column-gap-default\">\n\t\t\t\t\t<div class=\"elementor-column elementor-col-100 elementor-top-column elementor-element elementor-element-e0f3438\" data-id=\"e0f3438\" data-element_type=\"column\" data-e-type=\"column\">\n\t\t\t<div class=\"elementor-widget-wrap elementor-element-populated\">\n\t\t\t\t\t\t<div class=\"elementor-element elementor-element-65ae171 elementor-widget elementor-widget-spacer\" data-id=\"65ae171\" data-element_type=\"widget\" data-e-type=\"widget\" data-widget_type=\"spacer.default\">\n\t\t\t\t<div class=\"elementor-widget-container\">\n\t\t\t\t\t\t\t<div class=\"elementor-spacer\">\n\t\t\t<div class=\"elementor-spacer-inner\"><\/div>\n\t\t<\/div>\n\t\t\t\t\t\t<\/div>\n\t\t\t\t<\/div>\n\t\t\t\t\t<\/div>\n\t\t<\/div>\n\t\t\t\t\t<\/div>\n\t\t<\/section>\n\t\t\t\t<section class=\"elementor-section elementor-top-section elementor-element elementor-element-d5862cc animated-slow elementor-section-boxed elementor-section-height-default elementor-section-height-default wpr-particle-no wpr-jarallax-no wpr-parallax-no wpr-sticky-section-no elementor-invisible\" data-id=\"d5862cc\" data-element_type=\"section\" data-e-type=\"section\" data-settings=\"{&quot;animation&quot;:&quot;fadeInUp&quot;}\">\n\t\t\t\t\t\t<div class=\"elementor-container elementor-column-gap-default\">\n\t\t\t\t\t<div class=\"elementor-column elementor-col-100 elementor-top-column elementor-element elementor-element-174d9c8\" data-id=\"174d9c8\" data-element_type=\"column\" data-e-type=\"column\">\n\t\t\t<div class=\"elementor-widget-wrap elementor-element-populated\">\n\t\t\t\t\t\t<div class=\"elementor-element elementor-element-ced7f81 elementor-widget elementor-widget-heading\" data-id=\"ced7f81\" data-element_type=\"widget\" data-e-type=\"widget\" data-widget_type=\"heading.default\">\n\t\t\t\t<div class=\"elementor-widget-container\">\n\t\t\t\t\t<h2 class=\"elementor-heading-title elementor-size-default\">\u00bfQuieres mantenerte al d\u00eda? \u00a1S\u00edgueme en mis redes sociales!<\/h2>\t\t\t\t<\/div>\n\t\t\t\t<\/div>\n\t\t\t\t\t<\/div>\n\t\t<\/div>\n\t\t\t\t\t<\/div>\n\t\t<\/section>\n\t\t\t\t<section class=\"elementor-section elementor-top-section elementor-element elementor-element-772620b elementor-section-height-min-height animated-slow elementor-section-boxed elementor-section-height-default elementor-section-items-middle wpr-particle-no wpr-jarallax-no wpr-parallax-no wpr-sticky-section-no elementor-invisible\" data-id=\"772620b\" data-element_type=\"section\" data-e-type=\"section\" data-settings=\"{&quot;animation&quot;:&quot;fadeInUp&quot;}\">\n\t\t\t\t\t\t<div class=\"elementor-container elementor-column-gap-default\">\n\t\t\t\t\t<div class=\"elementor-column elementor-col-100 elementor-top-column elementor-element elementor-element-2dca2b5\" data-id=\"2dca2b5\" data-element_type=\"column\" data-e-type=\"column\">\n\t\t\t<div class=\"elementor-widget-wrap elementor-element-populated\">\n\t\t\t\t\t\t<div class=\"elementor-element elementor-element-e70e997 elementor-shape-rounded elementor-grid-0 e-grid-align-center elementor-widget elementor-widget-social-icons\" data-id=\"e70e997\" data-element_type=\"widget\" data-e-type=\"widget\" data-widget_type=\"social-icons.default\">\n\t\t\t\t<div class=\"elementor-widget-container\">\n\t\t\t\t\t\t\t<div class=\"elementor-social-icons-wrapper elementor-grid\" role=\"list\">\n\t\t\t\t\t\t\t<span class=\"elementor-grid-item\" role=\"listitem\">\n\t\t\t\t\t<a class=\"elementor-icon elementor-social-icon elementor-social-icon-instagram elementor-repeater-item-e70f4c2\" href=\"https:\/\/www.instagram.com\/michelle.duran__\/\" target=\"_blank\">\n\t\t\t\t\t\t<span class=\"elementor-screen-only\">Instagram<\/span>\n\t\t\t\t\t\t<i aria-hidden=\"true\" class=\"fab fa-instagram\"><\/i>\t\t\t\t\t<\/a>\n\t\t\t\t<\/span>\n\t\t\t\t\t\t\t<span class=\"elementor-grid-item\" role=\"listitem\">\n\t\t\t\t\t<a class=\"elementor-icon elementor-social-icon elementor-social-icon-x-twitter elementor-repeater-item-1633810\" href=\"https:\/\/x.com\/MichelleDuran__\" target=\"_blank\">\n\t\t\t\t\t\t<span class=\"elementor-screen-only\">X-twitter<\/span>\n\t\t\t\t\t\t<i aria-hidden=\"true\" class=\"fab fa-x-twitter\"><\/i>\t\t\t\t\t<\/a>\n\t\t\t\t<\/span>\n\t\t\t\t\t\t\t<span class=\"elementor-grid-item\" role=\"listitem\">\n\t\t\t\t\t<a class=\"elementor-icon elementor-social-icon elementor-social-icon-tiktok elementor-repeater-item-a2a88e3\" href=\"https:\/\/www.tiktok.com\/@michelle.duran__\" target=\"_blank\">\n\t\t\t\t\t\t<span class=\"elementor-screen-only\">Tiktok<\/span>\n\t\t\t\t\t\t<i aria-hidden=\"true\" class=\"fab fa-tiktok\"><\/i>\t\t\t\t\t<\/a>\n\t\t\t\t<\/span>\n\t\t\t\t\t<\/div>\n\t\t\t\t\t\t<\/div>\n\t\t\t\t<\/div>\n\t\t\t\t\t<\/div>\n\t\t<\/div>\n\t\t\t\t\t<\/div>\n\t\t<\/section>\n\t\t\t\t<section class=\"elementor-section elementor-top-section elementor-element elementor-element-a7b29fa elementor-section-boxed elementor-section-height-default elementor-section-height-default wpr-particle-no wpr-jarallax-no wpr-parallax-no wpr-sticky-section-no\" data-id=\"a7b29fa\" data-element_type=\"section\" data-e-type=\"section\">\n\t\t\t\t\t\t<div class=\"elementor-container elementor-column-gap-default\">\n\t\t\t\t\t<div class=\"elementor-column elementor-col-100 elementor-top-column elementor-element elementor-element-63b72a1\" data-id=\"63b72a1\" data-element_type=\"column\" data-e-type=\"column\">\n\t\t\t<div class=\"elementor-widget-wrap elementor-element-populated\">\n\t\t\t\t\t\t<div class=\"elementor-element elementor-element-002b809 elementor-widget elementor-widget-spacer\" data-id=\"002b809\" data-element_type=\"widget\" data-e-type=\"widget\" data-widget_type=\"spacer.default\">\n\t\t\t\t<div class=\"elementor-widget-container\">\n\t\t\t\t\t\t\t<div class=\"elementor-spacer\">\n\t\t\t<div class=\"elementor-spacer-inner\"><\/div>\n\t\t<\/div>\n\t\t\t\t\t\t<\/div>\n\t\t\t\t<\/div>\n\t\t\t\t\t<\/div>\n\t\t<\/div>\n\t\t\t\t\t<\/div>\n\t\t<\/section>\n\t\t\t\t<\/div>\n\t\t","protected":false},"excerpt":{"rendered":"<p>\u00a1Hola! Me llamo Michelle Dur\u00e1n y nac\u00ed un caluroso verano de 1997 en Madrid. Estudi\u00e9 Periodismo y empec\u00e9 a compartir mis historias en foros de Internet a los diecis\u00e9is a\u00f1os y me abr\u00ed una cuenta de Wattpad en 2015. En 2023 publiqu\u00e9 la bilog\u00eda El ritmo de la noche (Crossbooks), y en 2024 lanc\u00e9 la bilog\u00eda clich\u00e9 con Fandom Books y Te odio, Mackenzie Lin con Pato Ediciones. En 2025 publiqu\u00e9 Tres maneras de decir te quiero con la editorial TBR y Nunca digas nunca, con la editorial DNX Young. Escribo principalmente literatura juvenil (young adult y new adult) contempor\u00e1nea. En mis historias vas a encontrar representaci\u00f3n LGBT+ y personajes racializados, mucho humor, un poco de drama y, sobre todo, tropos y clich\u00e9s. Siempre he dicho que mi objetivo como escritora es hacer que les j\u00f3venes y adolescentes (\u00a1y los que ya no lo somos tanto!) se sientan acompa\u00f1ades, que sepan que sus voces importan, que sus vidas importan, que sus historias importan y, sobre todo, que siempre habr\u00e1 alguien ah\u00ed para escucharles. Desde principios del a\u00f1o 2022 estoy representada por la agencia literaria Ute K\u00f6rner. \u00bfQuieres mantenerte al d\u00eda? \u00a1S\u00edgueme en mis redes sociales! Instagram X-twitter Tiktok<\/p>\n","protected":false},"author":1,"featured_media":0,"parent":0,"menu_order":0,"comment_status":"closed","ping_status":"closed","template":"","meta":{"footnotes":""},"class_list":["post-740","page","type-page","status-publish","hentry"],"yoast_head":"<!-- This site is optimized with the Yoast SEO plugin v27.3 - https:\/\/yoast.com\/product\/yoast-seo-wordpress\/ -->\n<title>Sobre m\u00ed - Michelle Dur\u00e1n. Escritora<\/title>\n<meta name=\"robots\" content=\"index, follow, max-snippet:-1, max-image-preview:large, max-video-preview:-1\" \/>\n<link rel=\"canonical\" href=\"https:\/\/michelleduran.es\/index.php\/sobre-mi-2\/\" \/>\n<meta property=\"og:locale\" content=\"es_ES\" \/>\n<meta property=\"og:type\" content=\"article\" \/>\n<meta property=\"og:title\" content=\"Sobre m\u00ed - Michelle Dur\u00e1n. Escritora\" \/>\n<meta property=\"og:description\" content=\"\u00a1Hola! Me llamo Michelle Dur\u00e1n y nac\u00ed un caluroso verano de 1997 en Madrid. Estudi\u00e9 Periodismo y empec\u00e9 a compartir mis historias en foros de Internet a los diecis\u00e9is a\u00f1os y me abr\u00ed una cuenta de Wattpad en 2015. En 2023 publiqu\u00e9 la bilog\u00eda El ritmo de la noche (Crossbooks), y en 2024 lanc\u00e9 la bilog\u00eda clich\u00e9 con Fandom Books y Te odio, Mackenzie Lin con Pato Ediciones. En 2025 publiqu\u00e9 Tres maneras de decir te quiero con la editorial TBR y Nunca digas nunca, con la editorial DNX Young. Escribo principalmente literatura juvenil (young adult y new adult) contempor\u00e1nea. En mis historias vas a encontrar representaci\u00f3n LGBT+ y personajes racializados, mucho humor, un poco de drama y, sobre todo, tropos y clich\u00e9s. Siempre he dicho que mi objetivo como escritora es hacer que les j\u00f3venes y adolescentes (\u00a1y los que ya no lo somos tanto!) se sientan acompa\u00f1ades, que sepan que sus voces importan, que sus vidas importan, que sus historias importan y, sobre todo, que siempre habr\u00e1 alguien ah\u00ed para escucharles. Desde principios del a\u00f1o 2022 estoy representada por la agencia literaria Ute K\u00f6rner. \u00bfQuieres mantenerte al d\u00eda? \u00a1S\u00edgueme en mis redes sociales! Instagram X-twitter Tiktok\" \/>\n<meta property=\"og:url\" content=\"https:\/\/michelleduran.es\/index.php\/sobre-mi-2\/\" \/>\n<meta property=\"og:site_name\" content=\"Michelle Dur\u00e1n. Escritora\" \/>\n<meta property=\"article:modified_time\" content=\"2025-07-14T08:39:29+00:00\" \/>\n<meta property=\"og:image\" content=\"http:\/\/michelleduran.es\/wp-content\/uploads\/2025\/07\/IMG_0798-683x1024.jpg\" \/>\n<meta name=\"twitter:card\" content=\"summary_large_image\" \/>\n<meta name=\"twitter:label1\" content=\"Tiempo de lectura\" \/>\n\t<meta name=\"twitter:data1\" content=\"1 minuto\" \/>\n<script type=\"application\/ld+json\" class=\"yoast-schema-graph\">{\"@context\":\"https:\\\/\\\/schema.org\",\"@graph\":[{\"@type\":\"WebPage\",\"@id\":\"https:\\\/\\\/michelleduran.es\\\/index.php\\\/sobre-mi-2\\\/\",\"url\":\"https:\\\/\\\/michelleduran.es\\\/index.php\\\/sobre-mi-2\\\/\",\"name\":\"Sobre m\u00ed - Michelle Dur\u00e1n. Escritora\",\"isPartOf\":{\"@id\":\"https:\\\/\\\/michelleduran.es\\\/#website\"},\"primaryImageOfPage\":{\"@id\":\"https:\\\/\\\/michelleduran.es\\\/index.php\\\/sobre-mi-2\\\/#primaryimage\"},\"image\":{\"@id\":\"https:\\\/\\\/michelleduran.es\\\/index.php\\\/sobre-mi-2\\\/#primaryimage\"},\"thumbnailUrl\":\"http:\\\/\\\/michelleduran.es\\\/wp-content\\\/uploads\\\/2025\\\/07\\\/IMG_0798-683x1024.jpg\",\"datePublished\":\"2024-02-18T12:07:16+00:00\",\"dateModified\":\"2025-07-14T08:39:29+00:00\",\"breadcrumb\":{\"@id\":\"https:\\\/\\\/michelleduran.es\\\/index.php\\\/sobre-mi-2\\\/#breadcrumb\"},\"inLanguage\":\"es\",\"potentialAction\":[{\"@type\":\"ReadAction\",\"target\":[\"https:\\\/\\\/michelleduran.es\\\/index.php\\\/sobre-mi-2\\\/\"]}]},{\"@type\":\"ImageObject\",\"inLanguage\":\"es\",\"@id\":\"https:\\\/\\\/michelleduran.es\\\/index.php\\\/sobre-mi-2\\\/#primaryimage\",\"url\":\"https:\\\/\\\/michelleduran.es\\\/wp-content\\\/uploads\\\/2025\\\/07\\\/IMG_0798.jpg\",\"contentUrl\":\"https:\\\/\\\/michelleduran.es\\\/wp-content\\\/uploads\\\/2025\\\/07\\\/IMG_0798.jpg\",\"width\":1000,\"height\":1500},{\"@type\":\"BreadcrumbList\",\"@id\":\"https:\\\/\\\/michelleduran.es\\\/index.php\\\/sobre-mi-2\\\/#breadcrumb\",\"itemListElement\":[{\"@type\":\"ListItem\",\"position\":1,\"name\":\"Portada\",\"item\":\"https:\\\/\\\/michelleduran.es\\\/\"},{\"@type\":\"ListItem\",\"position\":2,\"name\":\"Sobre m\u00ed\"}]},{\"@type\":\"WebSite\",\"@id\":\"https:\\\/\\\/michelleduran.es\\\/#website\",\"url\":\"https:\\\/\\\/michelleduran.es\\\/\",\"name\":\"Michelle Dur\u00e1n. Escritora\",\"description\":\"Michelle Dur\u00e1n (Madrid, 1997) es autora de literatura juvenil contempor\u00e1nea con humor, drama, clich\u00e9s y representaci\u00f3n LGBT+.\",\"publisher\":{\"@id\":\"https:\\\/\\\/michelleduran.es\\\/#\\\/schema\\\/person\\\/973587c01ec5a267a890a12765d68eed\"},\"potentialAction\":[{\"@type\":\"SearchAction\",\"target\":{\"@type\":\"EntryPoint\",\"urlTemplate\":\"https:\\\/\\\/michelleduran.es\\\/?s={search_term_string}\"},\"query-input\":{\"@type\":\"PropertyValueSpecification\",\"valueRequired\":true,\"valueName\":\"search_term_string\"}}],\"inLanguage\":\"es\"},{\"@type\":[\"Person\",\"Organization\"],\"@id\":\"https:\\\/\\\/michelleduran.es\\\/#\\\/schema\\\/person\\\/973587c01ec5a267a890a12765d68eed\",\"name\":\"michelleccc.w\",\"image\":{\"@type\":\"ImageObject\",\"inLanguage\":\"es\",\"@id\":\"https:\\\/\\\/michelleduran.es\\\/wp-content\\\/uploads\\\/2022\\\/09\\\/cropped-banners-michelle-duran-nf4-2.png\",\"url\":\"https:\\\/\\\/michelleduran.es\\\/wp-content\\\/uploads\\\/2022\\\/09\\\/cropped-banners-michelle-duran-nf4-2.png\",\"contentUrl\":\"https:\\\/\\\/michelleduran.es\\\/wp-content\\\/uploads\\\/2022\\\/09\\\/cropped-banners-michelle-duran-nf4-2.png\",\"width\":1460,\"height\":648,\"caption\":\"michelleccc.w\"},\"logo\":{\"@id\":\"https:\\\/\\\/michelleduran.es\\\/wp-content\\\/uploads\\\/2022\\\/09\\\/cropped-banners-michelle-duran-nf4-2.png\"},\"sameAs\":[\"http:\\\/\\\/michelleduran.es\"]}]}<\/script>\n<!-- \/ Yoast SEO plugin. -->","yoast_head_json":{"title":"Sobre m\u00ed - Michelle Dur\u00e1n. Escritora","robots":{"index":"index","follow":"follow","max-snippet":"max-snippet:-1","max-image-preview":"max-image-preview:large","max-video-preview":"max-video-preview:-1"},"canonical":"https:\/\/michelleduran.es\/index.php\/sobre-mi-2\/","og_locale":"es_ES","og_type":"article","og_title":"Sobre m\u00ed - Michelle Dur\u00e1n. Escritora","og_description":"\u00a1Hola! Me llamo Michelle Dur\u00e1n y nac\u00ed un caluroso verano de 1997 en Madrid. Estudi\u00e9 Periodismo y empec\u00e9 a compartir mis historias en foros de Internet a los diecis\u00e9is a\u00f1os y me abr\u00ed una cuenta de Wattpad en 2015. En 2023 publiqu\u00e9 la bilog\u00eda El ritmo de la noche (Crossbooks), y en 2024 lanc\u00e9 la bilog\u00eda clich\u00e9 con Fandom Books y Te odio, Mackenzie Lin con Pato Ediciones. En 2025 publiqu\u00e9 Tres maneras de decir te quiero con la editorial TBR y Nunca digas nunca, con la editorial DNX Young. Escribo principalmente literatura juvenil (young adult y new adult) contempor\u00e1nea. En mis historias vas a encontrar representaci\u00f3n LGBT+ y personajes racializados, mucho humor, un poco de drama y, sobre todo, tropos y clich\u00e9s. Siempre he dicho que mi objetivo como escritora es hacer que les j\u00f3venes y adolescentes (\u00a1y los que ya no lo somos tanto!) se sientan acompa\u00f1ades, que sepan que sus voces importan, que sus vidas importan, que sus historias importan y, sobre todo, que siempre habr\u00e1 alguien ah\u00ed para escucharles. Desde principios del a\u00f1o 2022 estoy representada por la agencia literaria Ute K\u00f6rner. \u00bfQuieres mantenerte al d\u00eda? \u00a1S\u00edgueme en mis redes sociales! Instagram X-twitter Tiktok","og_url":"https:\/\/michelleduran.es\/index.php\/sobre-mi-2\/","og_site_name":"Michelle Dur\u00e1n. Escritora","article_modified_time":"2025-07-14T08:39:29+00:00","og_image":[{"url":"http:\/\/michelleduran.es\/wp-content\/uploads\/2025\/07\/IMG_0798-683x1024.jpg","type":"","width":"","height":""}],"twitter_card":"summary_large_image","twitter_misc":{"Tiempo de lectura":"1 minuto"},"schema":{"@context":"https:\/\/schema.org","@graph":[{"@type":"WebPage","@id":"https:\/\/michelleduran.es\/index.php\/sobre-mi-2\/","url":"https:\/\/michelleduran.es\/index.php\/sobre-mi-2\/","name":"Sobre m\u00ed - Michelle Dur\u00e1n. Escritora","isPartOf":{"@id":"https:\/\/michelleduran.es\/#website"},"primaryImageOfPage":{"@id":"https:\/\/michelleduran.es\/index.php\/sobre-mi-2\/#primaryimage"},"image":{"@id":"https:\/\/michelleduran.es\/index.php\/sobre-mi-2\/#primaryimage"},"thumbnailUrl":"http:\/\/michelleduran.es\/wp-content\/uploads\/2025\/07\/IMG_0798-683x1024.jpg","datePublished":"2024-02-18T12:07:16+00:00","dateModified":"2025-07-14T08:39:29+00:00","breadcrumb":{"@id":"https:\/\/michelleduran.es\/index.php\/sobre-mi-2\/#breadcrumb"},"inLanguage":"es","potentialAction":[{"@type":"ReadAction","target":["https:\/\/michelleduran.es\/index.php\/sobre-mi-2\/"]}]},{"@type":"ImageObject","inLanguage":"es","@id":"https:\/\/michelleduran.es\/index.php\/sobre-mi-2\/#primaryimage","url":"https:\/\/michelleduran.es\/wp-content\/uploads\/2025\/07\/IMG_0798.jpg","contentUrl":"https:\/\/michelleduran.es\/wp-content\/uploads\/2025\/07\/IMG_0798.jpg","width":1000,"height":1500},{"@type":"BreadcrumbList","@id":"https:\/\/michelleduran.es\/index.php\/sobre-mi-2\/#breadcrumb","itemListElement":[{"@type":"ListItem","position":1,"name":"Portada","item":"https:\/\/michelleduran.es\/"},{"@type":"ListItem","position":2,"name":"Sobre m\u00ed"}]},{"@type":"WebSite","@id":"https:\/\/michelleduran.es\/#website","url":"https:\/\/michelleduran.es\/","name":"Michelle Dur\u00e1n. Escritora","description":"Michelle Dur\u00e1n (Madrid, 1997) es autora de literatura juvenil contempor\u00e1nea con humor, drama, clich\u00e9s y representaci\u00f3n LGBT+.","publisher":{"@id":"https:\/\/michelleduran.es\/#\/schema\/person\/973587c01ec5a267a890a12765d68eed"},"potentialAction":[{"@type":"SearchAction","target":{"@type":"EntryPoint","urlTemplate":"https:\/\/michelleduran.es\/?s={search_term_string}"},"query-input":{"@type":"PropertyValueSpecification","valueRequired":true,"valueName":"search_term_string"}}],"inLanguage":"es"},{"@type":["Person","Organization"],"@id":"https:\/\/michelleduran.es\/#\/schema\/person\/973587c01ec5a267a890a12765d68eed","name":"michelleccc.w","image":{"@type":"ImageObject","inLanguage":"es","@id":"https:\/\/michelleduran.es\/wp-content\/uploads\/2022\/09\/cropped-banners-michelle-duran-nf4-2.png","url":"https:\/\/michelleduran.es\/wp-content\/uploads\/2022\/09\/cropped-banners-michelle-duran-nf4-2.png","contentUrl":"https:\/\/michelleduran.es\/wp-content\/uploads\/2022\/09\/cropped-banners-michelle-duran-nf4-2.png","width":1460,"height":648,"caption":"michelleccc.w"},"logo":{"@id":"https:\/\/michelleduran.es\/wp-content\/uploads\/2022\/09\/cropped-banners-michelle-duran-nf4-2.png"},"sameAs":["http:\/\/michelleduran.es"]}]}},"_links":{"self":[{"href":"https:\/\/michelleduran.es\/index.php\/wp-json\/wp\/v2\/pages\/740","targetHints":{"allow":["GET"]}}],"collection":[{"href":"https:\/\/michelleduran.es\/index.php\/wp-json\/wp\/v2\/pages"}],"about":[{"href":"https:\/\/michelleduran.es\/index.php\/wp-json\/wp\/v2\/types\/page"}],"author":[{"embeddable":true,"href":"https:\/\/michelleduran.es\/index.php\/wp-json\/wp\/v2\/users\/1"}],"replies":[{"embeddable":true,"href":"https:\/\/michelleduran.es\/index.php\/wp-json\/wp\/v2\/comments?post=740"}],"version-history":[{"count":19,"href":"https:\/\/michelleduran.es\/index.php\/wp-json\/wp\/v2\/pages\/740\/revisions"}],"predecessor-version":[{"id":1205,"href":"https:\/\/michelleduran.es\/index.php\/wp-json\/wp\/v2\/pages\/740\/revisions\/1205"}],"wp:attachment":[{"href":"https:\/\/michelleduran.es\/index.php\/wp-json\/wp\/v2\/media?parent=740"}],"curies":[{"name":"wp","href":"https:\/\/api.w.org\/{rel}","templated":true}]}}