{"id":1328,"date":"2026-04-09T08:07:58","date_gmt":"2026-04-09T08:07:58","guid":{"rendered":"https:\/\/michelleduran.es\/?page_id=1328"},"modified":"2026-04-09T08:07:59","modified_gmt":"2026-04-09T08:07:59","slug":"diario","status":"publish","type":"page","link":"https:\/\/michelleduran.es\/index.php\/diario\/","title":{"rendered":"Diario"},"content":{"rendered":"","protected":false},"excerpt":{"rendered":"","protected":false},"author":1,"featured_media":0,"parent":0,"menu_order":0,"comment_status":"closed","ping_status":"closed","template":"","meta":{"footnotes":""},"class_list":["post-1328","page","type-page","status-publish","hentry"],"yoast_head":"<!-- This site is optimized with the Yoast SEO plugin v27.3 - https:\/\/yoast.com\/product\/yoast-seo-wordpress\/ -->\n<title>Diario - Michelle Dur\u00e1n. Escritora<\/title>\n<meta name=\"robots\" content=\"index, follow, max-snippet:-1, max-image-preview:large, max-video-preview:-1\" \/>\n<link rel=\"canonical\" href=\"https:\/\/michelleduran.es\/index.php\/diario\/\" \/>\n<meta property=\"og:locale\" content=\"es_ES\" \/>\n<meta property=\"og:type\" content=\"article\" \/>\n<meta property=\"og:title\" content=\"Diario - Michelle Dur\u00e1n. Escritora\" \/>\n<meta property=\"og:url\" content=\"https:\/\/michelleduran.es\/index.php\/diario\/\" \/>\n<meta property=\"og:site_name\" content=\"Michelle Dur\u00e1n. Escritora\" \/>\n<meta property=\"article:modified_time\" content=\"2026-04-09T08:07:59+00:00\" \/>\n<meta name=\"twitter:card\" content=\"summary_large_image\" \/>\n<script type=\"application\/ld+json\" class=\"yoast-schema-graph\">{\"@context\":\"https:\\\/\\\/schema.org\",\"@graph\":[{\"@type\":\"WebPage\",\"@id\":\"https:\\\/\\\/michelleduran.es\\\/index.php\\\/diario\\\/\",\"url\":\"https:\\\/\\\/michelleduran.es\\\/index.php\\\/diario\\\/\",\"name\":\"Diario - Michelle Dur\u00e1n. Escritora\",\"isPartOf\":{\"@id\":\"https:\\\/\\\/michelleduran.es\\\/#website\"},\"datePublished\":\"2026-04-09T08:07:58+00:00\",\"dateModified\":\"2026-04-09T08:07:59+00:00\",\"breadcrumb\":{\"@id\":\"https:\\\/\\\/michelleduran.es\\\/index.php\\\/diario\\\/#breadcrumb\"},\"inLanguage\":\"es\",\"potentialAction\":[{\"@type\":\"ReadAction\",\"target\":[\"https:\\\/\\\/michelleduran.es\\\/index.php\\\/diario\\\/\"]}]},{\"@type\":\"BreadcrumbList\",\"@id\":\"https:\\\/\\\/michelleduran.es\\\/index.php\\\/diario\\\/#breadcrumb\",\"itemListElement\":[{\"@type\":\"ListItem\",\"position\":1,\"name\":\"Portada\",\"item\":\"https:\\\/\\\/michelleduran.es\\\/\"},{\"@type\":\"ListItem\",\"position\":2,\"name\":\"Diario\"}]},{\"@type\":\"WebSite\",\"@id\":\"https:\\\/\\\/michelleduran.es\\\/#website\",\"url\":\"https:\\\/\\\/michelleduran.es\\\/\",\"name\":\"Michelle Dur\u00e1n. Escritora\",\"description\":\"Michelle Dur\u00e1n (Madrid, 1997) es autora de literatura juvenil contempor\u00e1nea con humor, drama, clich\u00e9s y representaci\u00f3n LGBT+.\",\"publisher\":{\"@id\":\"https:\\\/\\\/michelleduran.es\\\/#\\\/schema\\\/person\\\/973587c01ec5a267a890a12765d68eed\"},\"potentialAction\":[{\"@type\":\"SearchAction\",\"target\":{\"@type\":\"EntryPoint\",\"urlTemplate\":\"https:\\\/\\\/michelleduran.es\\\/?s={search_term_string}\"},\"query-input\":{\"@type\":\"PropertyValueSpecification\",\"valueRequired\":true,\"valueName\":\"search_term_string\"}}],\"inLanguage\":\"es\"},{\"@type\":[\"Person\",\"Organization\"],\"@id\":\"https:\\\/\\\/michelleduran.es\\\/#\\\/schema\\\/person\\\/973587c01ec5a267a890a12765d68eed\",\"name\":\"michelleccc.w\",\"image\":{\"@type\":\"ImageObject\",\"inLanguage\":\"es\",\"@id\":\"https:\\\/\\\/michelleduran.es\\\/wp-content\\\/uploads\\\/2022\\\/09\\\/cropped-banners-michelle-duran-nf4-2.png\",\"url\":\"https:\\\/\\\/michelleduran.es\\\/wp-content\\\/uploads\\\/2022\\\/09\\\/cropped-banners-michelle-duran-nf4-2.png\",\"contentUrl\":\"https:\\\/\\\/michelleduran.es\\\/wp-content\\\/uploads\\\/2022\\\/09\\\/cropped-banners-michelle-duran-nf4-2.png\",\"width\":1460,\"height\":648,\"caption\":\"michelleccc.w\"},\"logo\":{\"@id\":\"https:\\\/\\\/michelleduran.es\\\/wp-content\\\/uploads\\\/2022\\\/09\\\/cropped-banners-michelle-duran-nf4-2.png\"},\"sameAs\":[\"http:\\\/\\\/michelleduran.es\"]}]}<\/script>\n<!-- \/ Yoast SEO plugin. -->","yoast_head_json":{"title":"Diario - Michelle Dur\u00e1n. Escritora","robots":{"index":"index","follow":"follow","max-snippet":"max-snippet:-1","max-image-preview":"max-image-preview:large","max-video-preview":"max-video-preview:-1"},"canonical":"https:\/\/michelleduran.es\/index.php\/diario\/","og_locale":"es_ES","og_type":"article","og_title":"Diario - Michelle Dur\u00e1n. Escritora","og_url":"https:\/\/michelleduran.es\/index.php\/diario\/","og_site_name":"Michelle Dur\u00e1n. Escritora","article_modified_time":"2026-04-09T08:07:59+00:00","twitter_card":"summary_large_image","schema":{"@context":"https:\/\/schema.org","@graph":[{"@type":"WebPage","@id":"https:\/\/michelleduran.es\/index.php\/diario\/","url":"https:\/\/michelleduran.es\/index.php\/diario\/","name":"Diario - Michelle Dur\u00e1n. Escritora","isPartOf":{"@id":"https:\/\/michelleduran.es\/#website"},"datePublished":"2026-04-09T08:07:58+00:00","dateModified":"2026-04-09T08:07:59+00:00","breadcrumb":{"@id":"https:\/\/michelleduran.es\/index.php\/diario\/#breadcrumb"},"inLanguage":"es","potentialAction":[{"@type":"ReadAction","target":["https:\/\/michelleduran.es\/index.php\/diario\/"]}]},{"@type":"BreadcrumbList","@id":"https:\/\/michelleduran.es\/index.php\/diario\/#breadcrumb","itemListElement":[{"@type":"ListItem","position":1,"name":"Portada","item":"https:\/\/michelleduran.es\/"},{"@type":"ListItem","position":2,"name":"Diario"}]},{"@type":"WebSite","@id":"https:\/\/michelleduran.es\/#website","url":"https:\/\/michelleduran.es\/","name":"Michelle Dur\u00e1n. Escritora","description":"Michelle Dur\u00e1n (Madrid, 1997) es autora de literatura juvenil contempor\u00e1nea con humor, drama, clich\u00e9s y representaci\u00f3n LGBT+.","publisher":{"@id":"https:\/\/michelleduran.es\/#\/schema\/person\/973587c01ec5a267a890a12765d68eed"},"potentialAction":[{"@type":"SearchAction","target":{"@type":"EntryPoint","urlTemplate":"https:\/\/michelleduran.es\/?s={search_term_string}"},"query-input":{"@type":"PropertyValueSpecification","valueRequired":true,"valueName":"search_term_string"}}],"inLanguage":"es"},{"@type":["Person","Organization"],"@id":"https:\/\/michelleduran.es\/#\/schema\/person\/973587c01ec5a267a890a12765d68eed","name":"michelleccc.w","image":{"@type":"ImageObject","inLanguage":"es","@id":"https:\/\/michelleduran.es\/wp-content\/uploads\/2022\/09\/cropped-banners-michelle-duran-nf4-2.png","url":"https:\/\/michelleduran.es\/wp-content\/uploads\/2022\/09\/cropped-banners-michelle-duran-nf4-2.png","contentUrl":"https:\/\/michelleduran.es\/wp-content\/uploads\/2022\/09\/cropped-banners-michelle-duran-nf4-2.png","width":1460,"height":648,"caption":"michelleccc.w"},"logo":{"@id":"https:\/\/michelleduran.es\/wp-content\/uploads\/2022\/09\/cropped-banners-michelle-duran-nf4-2.png"},"sameAs":["http:\/\/michelleduran.es"]}]}},"_links":{"self":[{"href":"https:\/\/michelleduran.es\/index.php\/wp-json\/wp\/v2\/pages\/1328","targetHints":{"allow":["GET"]}}],"collection":[{"href":"https:\/\/michelleduran.es\/index.php\/wp-json\/wp\/v2\/pages"}],"about":[{"href":"https:\/\/michelleduran.es\/index.php\/wp-json\/wp\/v2\/types\/page"}],"author":[{"embeddable":true,"href":"https:\/\/michelleduran.es\/index.php\/wp-json\/wp\/v2\/users\/1"}],"replies":[{"embeddable":true,"href":"https:\/\/michelleduran.es\/index.php\/wp-json\/wp\/v2\/comments?post=1328"}],"version-history":[{"count":2,"href":"https:\/\/michelleduran.es\/index.php\/wp-json\/wp\/v2\/pages\/1328\/revisions"}],"predecessor-version":[{"id":1346,"href":"https:\/\/michelleduran.es\/index.php\/wp-json\/wp\/v2\/pages\/1328\/revisions\/1346"}],"wp:attachment":[{"href":"https:\/\/michelleduran.es\/index.php\/wp-json\/wp\/v2\/media?parent=1328"}],"curies":[{"name":"wp","href":"https:\/\/api.w.org\/{rel}","templated":true}]}}